{"id":106,"date":"2017-10-20T02:42:16","date_gmt":"2017-10-20T02:42:16","guid":{"rendered":"http:\/\/cruzrojacorrientes.org\/?page_id=106"},"modified":"2018-10-24T23:12:28","modified_gmt":"2018-10-24T23:12:28","slug":"centro-de-capacitacion","status":"publish","type":"page","link":"https:\/\/www.cruzroja.org.ar\/corrientes\/instituto\/centro-de-capacitacion\/","title":{"rendered":"Centro de Capacitaci\u00f3n"},"content":{"rendered":"<h2 id=\"autoridades\" class=\"section-title\">Centro de Capacitaci\u00f3n<\/h2>\r\n<blockquote>Dictamos cursos de capacitaci\u00f3n certificados y avalados por Cruz Roja Argentina en Primeros Auxilios, Reanimaci\u00f3n Cardiopulmonar (RCP), Lengua de Se\u00f1as, Sistema Braille y Tutor Virtual, dirigidos a toda la comunidad.<\/blockquote>\r\n<section id=\"galleria-nosotros gallery\" style=\"margin-top: 20px;\">\r\n<div class=\"no-gutter\">\r\n<div class=\"col-md-4 gallery-box\"><a href=\"https:\/\/www.cruzroja.org.ar\/corrientes\/wp-content\/uploads\/2018\/10\/DSC9070.jpg\" data-fancybox=\"gallery\"><img class=\"img-responsive\" src=\"https:\/\/www.cruzroja.org.ar\/corrientes\/wp-content\/uploads\/2018\/10\/DSC9070.jpg\" \/><\/a><\/div>\r\n<div class=\"col-md-4 gallery-box\"><a href=\"https:\/\/www.cruzroja.org.ar\/corrientes\/wp-content\/uploads\/2018\/10\/DSC4112.jpg\" data-fancybox=\"gallery\"><img class=\"img-responsive\" src=\"https:\/\/www.cruzroja.org.ar\/corrientes\/wp-content\/uploads\/2018\/10\/DSC4112.jpg\" \/><\/a><\/div>\r\n<\/div>\r\n<\/section>\r\n<div class=\"clearfix\"><\/div>","protected":false},"excerpt":{"rendered":"<p>Centro de Capacitaci\u00f3n Dictamos cursos de capacitaci\u00f3n certificados y avalados por Cruz Roja Argentina en Primeros Auxilios, Reanimaci\u00f3n Cardiopulmonar (RCP), Lengua de Se\u00f1as, Sistema Braille y Tutor Virtual, dirigidos a toda la comunidad.<\/p>\n","protected":false},"author":1,"featured_media":0,"parent":104,"menu_order":2,"comment_status":"closed","ping_status":"closed","template":"","meta":[],"acf":[],"yoast_head":"<!-- This site is optimized with the Yoast SEO plugin v19.2 - https:\/\/yoast.com\/wordpress\/plugins\/seo\/ -->\n<title>Centro de Capacitaci\u00f3n - Cruz Roja Argentina Filial Corrientes<\/title>\n<meta name=\"robots\" content=\"index, follow, max-snippet:-1, max-image-preview:large, max-video-preview:-1\" \/>\n<link rel=\"canonical\" href=\"https:\/\/www.cruzroja.org.ar\/corrientes\/instituto\/centro-de-capacitacion\/\" \/>\n<meta property=\"og:locale\" content=\"es_ES\" \/>\n<meta property=\"og:type\" content=\"article\" \/>\n<meta property=\"og:title\" content=\"Centro de Capacitaci\u00f3n - Cruz Roja Argentina Filial Corrientes\" \/>\n<meta property=\"og:description\" content=\"Centro de Capacitaci\u00f3n Dictamos cursos de capacitaci\u00f3n certificados y avalados por Cruz Roja Argentina en Primeros Auxilios, Reanimaci\u00f3n Cardiopulmonar (RCP), Lengua de Se\u00f1as, Sistema Braille y Tutor Virtual, dirigidos a toda la comunidad.\" \/>\n<meta property=\"og:url\" content=\"https:\/\/www.cruzroja.org.ar\/corrientes\/instituto\/centro-de-capacitacion\/\" \/>\n<meta property=\"og:site_name\" content=\"Cruz Roja Argentina Filial Corrientes\" \/>\n<meta property=\"article:modified_time\" content=\"2018-10-24T23:12:28+00:00\" \/>\n<meta name=\"author\" content=\"alberto\" \/>\n<meta name=\"twitter:card\" content=\"summary\" \/>\n<script type=\"application\/ld+json\" class=\"yoast-schema-graph\">{\"@context\":\"https:\/\/schema.org\",\"@graph\":[{\"@type\":\"WebSite\",\"@id\":\"https:\/\/www.cruzroja.org.ar\/corrientes\/#website\",\"url\":\"https:\/\/www.cruzroja.org.ar\/corrientes\/\",\"name\":\"Cruz Roja Argentina Filial Corrientes\",\"description\":\"Cruz Roja Argentina Filial Corrientes\",\"potentialAction\":[{\"@type\":\"SearchAction\",\"target\":{\"@type\":\"EntryPoint\",\"urlTemplate\":\"https:\/\/www.cruzroja.org.ar\/corrientes\/?s={search_term_string}\"},\"query-input\":\"required name=search_term_string\"}],\"inLanguage\":\"es\"},{\"@type\":\"WebPage\",\"@id\":\"https:\/\/www.cruzroja.org.ar\/corrientes\/instituto\/centro-de-capacitacion\/#webpage\",\"url\":\"https:\/\/www.cruzroja.org.ar\/corrientes\/instituto\/centro-de-capacitacion\/\",\"name\":\"Centro de Capacitaci\u00f3n - Cruz Roja Argentina Filial Corrientes\",\"isPartOf\":{\"@id\":\"https:\/\/www.cruzroja.org.ar\/corrientes\/#website\"},\"datePublished\":\"2017-10-20T02:42:16+00:00\",\"dateModified\":\"2018-10-24T23:12:28+00:00\",\"breadcrumb\":{\"@id\":\"https:\/\/www.cruzroja.org.ar\/corrientes\/instituto\/centro-de-capacitacion\/#breadcrumb\"},\"inLanguage\":\"es\",\"potentialAction\":[{\"@type\":\"ReadAction\",\"target\":[\"https:\/\/www.cruzroja.org.ar\/corrientes\/instituto\/centro-de-capacitacion\/\"]}]},{\"@type\":\"BreadcrumbList\",\"@id\":\"https:\/\/www.cruzroja.org.ar\/corrientes\/instituto\/centro-de-capacitacion\/#breadcrumb\",\"itemListElement\":[{\"@type\":\"ListItem\",\"position\":1,\"name\":\"Portada\",\"item\":\"https:\/\/www.cruzroja.org.ar\/corrientes\/\"},{\"@type\":\"ListItem\",\"position\":2,\"name\":\"Instituto\",\"item\":\"https:\/\/www.cruzroja.org.ar\/corrientes\/instituto\/\"},{\"@type\":\"ListItem\",\"position\":3,\"name\":\"Centro de Capacitaci\u00f3n\"}]}]}<\/script>\n<!-- \/ Yoast SEO plugin. -->","yoast_head_json":{"title":"Centro de Capacitaci\u00f3n - Cruz Roja Argentina Filial Corrientes","robots":{"index":"index","follow":"follow","max-snippet":"max-snippet:-1","max-image-preview":"max-image-preview:large","max-video-preview":"max-video-preview:-1"},"canonical":"https:\/\/www.cruzroja.org.ar\/corrientes\/instituto\/centro-de-capacitacion\/","og_locale":"es_ES","og_type":"article","og_title":"Centro de Capacitaci\u00f3n - Cruz Roja Argentina Filial Corrientes","og_description":"Centro de Capacitaci\u00f3n Dictamos cursos de capacitaci\u00f3n certificados y avalados por Cruz Roja Argentina en Primeros Auxilios, Reanimaci\u00f3n Cardiopulmonar (RCP), Lengua de Se\u00f1as, Sistema Braille y Tutor Virtual, dirigidos a toda la comunidad.","og_url":"https:\/\/www.cruzroja.org.ar\/corrientes\/instituto\/centro-de-capacitacion\/","og_site_name":"Cruz Roja Argentina Filial Corrientes","article_modified_time":"2018-10-24T23:12:28+00:00","author":"alberto","twitter_card":"summary","schema":{"@context":"https:\/\/schema.org","@graph":[{"@type":"WebSite","@id":"https:\/\/www.cruzroja.org.ar\/corrientes\/#website","url":"https:\/\/www.cruzroja.org.ar\/corrientes\/","name":"Cruz Roja Argentina Filial Corrientes","description":"Cruz Roja Argentina Filial Corrientes","potentialAction":[{"@type":"SearchAction","target":{"@type":"EntryPoint","urlTemplate":"https:\/\/www.cruzroja.org.ar\/corrientes\/?s={search_term_string}"},"query-input":"required name=search_term_string"}],"inLanguage":"es"},{"@type":"WebPage","@id":"https:\/\/www.cruzroja.org.ar\/corrientes\/instituto\/centro-de-capacitacion\/#webpage","url":"https:\/\/www.cruzroja.org.ar\/corrientes\/instituto\/centro-de-capacitacion\/","name":"Centro de Capacitaci\u00f3n - Cruz Roja Argentina Filial Corrientes","isPartOf":{"@id":"https:\/\/www.cruzroja.org.ar\/corrientes\/#website"},"datePublished":"2017-10-20T02:42:16+00:00","dateModified":"2018-10-24T23:12:28+00:00","breadcrumb":{"@id":"https:\/\/www.cruzroja.org.ar\/corrientes\/instituto\/centro-de-capacitacion\/#breadcrumb"},"inLanguage":"es","potentialAction":[{"@type":"ReadAction","target":["https:\/\/www.cruzroja.org.ar\/corrientes\/instituto\/centro-de-capacitacion\/"]}]},{"@type":"BreadcrumbList","@id":"https:\/\/www.cruzroja.org.ar\/corrientes\/instituto\/centro-de-capacitacion\/#breadcrumb","itemListElement":[{"@type":"ListItem","position":1,"name":"Portada","item":"https:\/\/www.cruzroja.org.ar\/corrientes\/"},{"@type":"ListItem","position":2,"name":"Instituto","item":"https:\/\/www.cruzroja.org.ar\/corrientes\/instituto\/"},{"@type":"ListItem","position":3,"name":"Centro de Capacitaci\u00f3n"}]}]}},"_links":{"self":[{"href":"https:\/\/www.cruzroja.org.ar\/corrientes\/wp-json\/wp\/v2\/pages\/106"}],"collection":[{"href":"https:\/\/www.cruzroja.org.ar\/corrientes\/wp-json\/wp\/v2\/pages"}],"about":[{"href":"https:\/\/www.cruzroja.org.ar\/corrientes\/wp-json\/wp\/v2\/types\/page"}],"author":[{"embeddable":true,"href":"https:\/\/www.cruzroja.org.ar\/corrientes\/wp-json\/wp\/v2\/users\/1"}],"replies":[{"embeddable":true,"href":"https:\/\/www.cruzroja.org.ar\/corrientes\/wp-json\/wp\/v2\/comments?post=106"}],"version-history":[{"count":8,"href":"https:\/\/www.cruzroja.org.ar\/corrientes\/wp-json\/wp\/v2\/pages\/106\/revisions"}],"predecessor-version":[{"id":923,"href":"https:\/\/www.cruzroja.org.ar\/corrientes\/wp-json\/wp\/v2\/pages\/106\/revisions\/923"}],"up":[{"embeddable":true,"href":"https:\/\/www.cruzroja.org.ar\/corrientes\/wp-json\/wp\/v2\/pages\/104"}],"wp:attachment":[{"href":"https:\/\/www.cruzroja.org.ar\/corrientes\/wp-json\/wp\/v2\/media?parent=106"}],"curies":[{"name":"wp","href":"https:\/\/api.w.org\/{rel}","templated":true}]}}