{"id":128,"date":"2017-10-20T03:24:11","date_gmt":"2017-10-20T03:24:11","guid":{"rendered":"http:\/\/cruzrojacorrientes.org\/?page_id=128"},"modified":"2022-09-20T00:59:00","modified_gmt":"2022-09-20T00:59:00","slug":"que-hacemos","status":"publish","type":"page","link":"https:\/\/www.cruzroja.org.ar\/corrientes\/voluntariado\/que-hacemos\/","title":{"rendered":"\u00bfQue hacemos?"},"content":{"rendered":"<h2 id=\"conocenos\" class=\"section-title\">\u00bfQue hacemos?<\/h2>\nNuestra Filial est\u00e1 integrada por voluntarios y voluntarias que forman parte de las m\u00e1s de 8000 personas que componen el voluntariado de Cruz Roja Argentina. Realizan acciones humanitarias en Corrientes y provincias cercanas.\n\nLos voluntarios pueden ser colaboradores o asociados; gobiernan la instituci\u00f3n y cumplen con la misi\u00f3n humanitaria, desarrollando actividades relacionadas <strong>con la gesti\u00f3n del riesgo de emergencias y desastres, la promoci\u00f3n de la salud y los primeros auxilios<\/strong>.\n<p style=\"margin-top: 30px;\">Todas las personas que lo deseen pueden sumarse como voluntarias a nuestra instituci\u00f3n, asumiendo los compromisos de conocer y actuar de acuerdo con la doctrina y las normas de la organizaci\u00f3n y de colaborar en la realizaci\u00f3n de las tareas humanitarias.<\/p>\nNuestra organizaci\u00f3n les ofrece:\n<ul>\n \t<li>Trabajo en equipo con objetivos y destinatarios claros.<\/li>\n \t<li>Formaci\u00f3n adecuada.<\/li>\n \t<li>Reconocimiento p\u00fablico.<\/li>\n \t<li>Participaci\u00f3n activa en el dise\u00f1o de estrategias y actividades para trabajar junto a las comunidades.<\/li>\n<\/ul>\n<section id=\"galleria-nosotros gallery\" style=\"margin-top: 20px;\">\n<div class=\"no-gutter\">\n<div class=\"col-md-4 gallery-box\"><a href=\"https:\/\/www.cruzroja.org.ar\/corrientes\/wp-content\/uploads\/2017\/10\/DSC_0539.jpg\" data-fancybox=\"gallery\"><img class=\"img-responsive\" src=\"https:\/\/www.cruzroja.org.ar\/corrientes\/wp-content\/uploads\/2017\/10\/DSC_0539-250x167.jpg\"><\/a><\/div>\n<div class=\"col-md-4 gallery-box\"><a href=\"https:\/\/www.cruzroja.org.ar\/corrientes\/wp-content\/uploads\/2017\/10\/DSC_0550.jpg\" data-fancybox=\"gallery\"><img class=\"img-responsive\" src=\"https:\/\/www.cruzroja.org.ar\/corrientes\/wp-content\/uploads\/2017\/10\/DSC_0550-250x167.jpg\"><\/a><\/div>\n<div class=\"col-md-4 gallery-box\"><a href=\"https:\/\/www.cruzroja.org.ar\/corrientes\/wp-content\/uploads\/2017\/10\/DSC_0507.jpg\" data-fancybox=\"gallery\"><img class=\"img-responsive\" src=\"https:\/\/www.cruzroja.org.ar\/corrientes\/wp-content\/uploads\/2017\/10\/DSC_0507-250x167.jpg\"><\/a><\/div>\n<div class=\"col-md-4 gallery-box\"><a href=\"https:\/\/www.cruzroja.org.ar\/corrientes\/wp-content\/uploads\/2017\/10\/DSC_8439.jpg\" data-fancybox=\"gallery\"><img class=\"img-responsive\" src=\"https:\/\/www.cruzroja.org.ar\/corrientes\/wp-content\/uploads\/2017\/10\/DSC_8439-250x167.jpg\"><\/a><\/div>\n<div class=\"col-md-4 gallery-box\"><a href=\"https:\/\/www.cruzroja.org.ar\/corrientes\/wp-content\/uploads\/2017\/10\/voluntariado-6.jpg\" data-fancybox=\"gallery\"><img class=\"img-responsive\" src=\"https:\/\/www.cruzroja.org.ar\/corrientes\/wp-content\/uploads\/2017\/10\/voluntariado-6-250x167.jpg\"><\/a><\/div>\n<div class=\"col-md-4 gallery-box\"><a href=\"https:\/\/www.cruzroja.org.ar\/corrientes\/wp-content\/uploads\/2017\/10\/DSC_7001.jpg\" data-fancybox=\"gallery\"><img class=\"img-responsive\" src=\"https:\/\/www.cruzroja.org.ar\/corrientes\/wp-content\/uploads\/2017\/10\/DSC_7001-250x167.jpg\"><\/a><\/div>\n<\/div>\n<\/section>\n<div class=\"clearfix\"><\/div>\n<p style=\"margin-top: 50px;\"><strong>\u00bfQu\u00e9 es necesario para ser voluntario de Cruz Roja? \u00bfCu\u00e1l es el proceso de incorporaci\u00f3n?<\/strong><\/p>\n<p style=\"margin-top: 20px;\">Para ser voluntario de Cruz Roja, basta con que tengas m\u00e1s de 16 a\u00f1os y con que quieras comprometer parte de tu tiempo libre a colaborar en las actividades de Cruz Roja.<\/p>\nEl proceso para incorporarte como voluntario es sencillo:\n<ul>\n \t<li>Contactate con nosotros para concretar una entrevista. (Es preciso que brindes tus datos para poder comunicarnos con la persona interesada.)<\/li>\n \t<li>A trav\u00e9s de la entrevista te explicaremos que hace Cruz Roja en Corrientes y en que actividades podes participar.<\/li>\n \t<li>Tras la entrevista, realizar\u00e1s una formaci\u00f3n b\u00e1sica inicial en la que te explicaremos con algo m\u00e1s de detalle que es Cruz Roja, cuales son sus programas y proyectos y como debe dirigirse un voluntario de nuestra organizaci\u00f3n.<\/li>\n \t<li>Tras la formaci\u00f3n b\u00e1sica inicial, acordaremos tu participaci\u00f3n en alguna de las actividades que puedan interesarte como voluntario, ofreci\u00e9ndote una formaci\u00f3n espec\u00edfica en caso necesario.<\/li>\n<\/ul>\n<div class=\"clearfix\"><\/div>","protected":false},"excerpt":{"rendered":"<p>\u00bfQue hacemos? Nuestra Filial est\u00e1 integrada por voluntarios y voluntarias que forman parte de las m\u00e1s de 8000 personas que componen el voluntariado de Cruz Roja Argentina. Realizan acciones humanitarias en Corrientes y provincias cercanas. Los voluntarios pueden ser colaboradores o asociados; gobiernan la instituci\u00f3n y cumplen con la misi\u00f3n humanitaria, desarrollando actividades relacionadas con [&hellip;]<\/p>\n","protected":false},"author":1,"featured_media":0,"parent":126,"menu_order":0,"comment_status":"closed","ping_status":"closed","template":"","meta":[],"acf":[],"yoast_head":"<!-- This site is optimized with the Yoast SEO plugin v19.2 - https:\/\/yoast.com\/wordpress\/plugins\/seo\/ -->\n<title>\u00bfQue hacemos? - Cruz Roja Argentina Filial Corrientes<\/title>\n<meta name=\"robots\" content=\"index, follow, max-snippet:-1, max-image-preview:large, max-video-preview:-1\" \/>\n<link rel=\"canonical\" href=\"https:\/\/www.cruzroja.org.ar\/corrientes\/voluntariado\/que-hacemos\/\" \/>\n<meta property=\"og:locale\" content=\"es_ES\" \/>\n<meta property=\"og:type\" content=\"article\" \/>\n<meta property=\"og:title\" content=\"\u00bfQue hacemos? - Cruz Roja Argentina Filial Corrientes\" \/>\n<meta property=\"og:description\" content=\"\u00bfQue hacemos? Nuestra Filial est\u00e1 integrada por voluntarios y voluntarias que forman parte de las m\u00e1s de 8000 personas que componen el voluntariado de Cruz Roja Argentina. Realizan acciones humanitarias en Corrientes y provincias cercanas. Los voluntarios pueden ser colaboradores o asociados; gobiernan la instituci\u00f3n y cumplen con la misi\u00f3n humanitaria, desarrollando actividades relacionadas con [&hellip;]\" \/>\n<meta property=\"og:url\" content=\"https:\/\/www.cruzroja.org.ar\/corrientes\/voluntariado\/que-hacemos\/\" \/>\n<meta property=\"og:site_name\" content=\"Cruz Roja Argentina Filial Corrientes\" \/>\n<meta property=\"article:modified_time\" content=\"2022-09-20T00:59:00+00:00\" \/>\n<meta name=\"author\" content=\"alberto\" \/>\n<meta name=\"twitter:card\" content=\"summary\" \/>\n<meta name=\"twitter:label1\" content=\"Tiempo de lectura\" \/>\n\t<meta name=\"twitter:data1\" content=\"3 minutos\" \/>\n<script type=\"application\/ld+json\" class=\"yoast-schema-graph\">{\"@context\":\"https:\/\/schema.org\",\"@graph\":[{\"@type\":\"WebSite\",\"@id\":\"https:\/\/www.cruzroja.org.ar\/corrientes\/#website\",\"url\":\"https:\/\/www.cruzroja.org.ar\/corrientes\/\",\"name\":\"Cruz Roja Argentina Filial Corrientes\",\"description\":\"Cruz Roja Argentina Filial Corrientes\",\"potentialAction\":[{\"@type\":\"SearchAction\",\"target\":{\"@type\":\"EntryPoint\",\"urlTemplate\":\"https:\/\/www.cruzroja.org.ar\/corrientes\/?s={search_term_string}\"},\"query-input\":\"required name=search_term_string\"}],\"inLanguage\":\"es\"},{\"@type\":\"WebPage\",\"@id\":\"https:\/\/www.cruzroja.org.ar\/corrientes\/voluntariado\/que-hacemos\/#webpage\",\"url\":\"https:\/\/www.cruzroja.org.ar\/corrientes\/voluntariado\/que-hacemos\/\",\"name\":\"\u00bfQue hacemos? - Cruz Roja Argentina Filial Corrientes\",\"isPartOf\":{\"@id\":\"https:\/\/www.cruzroja.org.ar\/corrientes\/#website\"},\"datePublished\":\"2017-10-20T03:24:11+00:00\",\"dateModified\":\"2022-09-20T00:59:00+00:00\",\"breadcrumb\":{\"@id\":\"https:\/\/www.cruzroja.org.ar\/corrientes\/voluntariado\/que-hacemos\/#breadcrumb\"},\"inLanguage\":\"es\",\"potentialAction\":[{\"@type\":\"ReadAction\",\"target\":[\"https:\/\/www.cruzroja.org.ar\/corrientes\/voluntariado\/que-hacemos\/\"]}]},{\"@type\":\"BreadcrumbList\",\"@id\":\"https:\/\/www.cruzroja.org.ar\/corrientes\/voluntariado\/que-hacemos\/#breadcrumb\",\"itemListElement\":[{\"@type\":\"ListItem\",\"position\":1,\"name\":\"Portada\",\"item\":\"https:\/\/www.cruzroja.org.ar\/corrientes\/\"},{\"@type\":\"ListItem\",\"position\":2,\"name\":\"Voluntariado\",\"item\":\"https:\/\/www.cruzroja.org.ar\/corrientes\/voluntariado\/\"},{\"@type\":\"ListItem\",\"position\":3,\"name\":\"\u00bfQue hacemos?\"}]}]}<\/script>\n<!-- \/ Yoast SEO plugin. -->","yoast_head_json":{"title":"\u00bfQue hacemos? - Cruz Roja Argentina Filial Corrientes","robots":{"index":"index","follow":"follow","max-snippet":"max-snippet:-1","max-image-preview":"max-image-preview:large","max-video-preview":"max-video-preview:-1"},"canonical":"https:\/\/www.cruzroja.org.ar\/corrientes\/voluntariado\/que-hacemos\/","og_locale":"es_ES","og_type":"article","og_title":"\u00bfQue hacemos? - Cruz Roja Argentina Filial Corrientes","og_description":"\u00bfQue hacemos? Nuestra Filial est\u00e1 integrada por voluntarios y voluntarias que forman parte de las m\u00e1s de 8000 personas que componen el voluntariado de Cruz Roja Argentina. Realizan acciones humanitarias en Corrientes y provincias cercanas. Los voluntarios pueden ser colaboradores o asociados; gobiernan la instituci\u00f3n y cumplen con la misi\u00f3n humanitaria, desarrollando actividades relacionadas con [&hellip;]","og_url":"https:\/\/www.cruzroja.org.ar\/corrientes\/voluntariado\/que-hacemos\/","og_site_name":"Cruz Roja Argentina Filial Corrientes","article_modified_time":"2022-09-20T00:59:00+00:00","author":"alberto","twitter_card":"summary","twitter_misc":{"Tiempo de lectura":"3 minutos"},"schema":{"@context":"https:\/\/schema.org","@graph":[{"@type":"WebSite","@id":"https:\/\/www.cruzroja.org.ar\/corrientes\/#website","url":"https:\/\/www.cruzroja.org.ar\/corrientes\/","name":"Cruz Roja Argentina Filial Corrientes","description":"Cruz Roja Argentina Filial Corrientes","potentialAction":[{"@type":"SearchAction","target":{"@type":"EntryPoint","urlTemplate":"https:\/\/www.cruzroja.org.ar\/corrientes\/?s={search_term_string}"},"query-input":"required name=search_term_string"}],"inLanguage":"es"},{"@type":"WebPage","@id":"https:\/\/www.cruzroja.org.ar\/corrientes\/voluntariado\/que-hacemos\/#webpage","url":"https:\/\/www.cruzroja.org.ar\/corrientes\/voluntariado\/que-hacemos\/","name":"\u00bfQue hacemos? - Cruz Roja Argentina Filial Corrientes","isPartOf":{"@id":"https:\/\/www.cruzroja.org.ar\/corrientes\/#website"},"datePublished":"2017-10-20T03:24:11+00:00","dateModified":"2022-09-20T00:59:00+00:00","breadcrumb":{"@id":"https:\/\/www.cruzroja.org.ar\/corrientes\/voluntariado\/que-hacemos\/#breadcrumb"},"inLanguage":"es","potentialAction":[{"@type":"ReadAction","target":["https:\/\/www.cruzroja.org.ar\/corrientes\/voluntariado\/que-hacemos\/"]}]},{"@type":"BreadcrumbList","@id":"https:\/\/www.cruzroja.org.ar\/corrientes\/voluntariado\/que-hacemos\/#breadcrumb","itemListElement":[{"@type":"ListItem","position":1,"name":"Portada","item":"https:\/\/www.cruzroja.org.ar\/corrientes\/"},{"@type":"ListItem","position":2,"name":"Voluntariado","item":"https:\/\/www.cruzroja.org.ar\/corrientes\/voluntariado\/"},{"@type":"ListItem","position":3,"name":"\u00bfQue hacemos?"}]}]}},"_links":{"self":[{"href":"https:\/\/www.cruzroja.org.ar\/corrientes\/wp-json\/wp\/v2\/pages\/128"}],"collection":[{"href":"https:\/\/www.cruzroja.org.ar\/corrientes\/wp-json\/wp\/v2\/pages"}],"about":[{"href":"https:\/\/www.cruzroja.org.ar\/corrientes\/wp-json\/wp\/v2\/types\/page"}],"author":[{"embeddable":true,"href":"https:\/\/www.cruzroja.org.ar\/corrientes\/wp-json\/wp\/v2\/users\/1"}],"replies":[{"embeddable":true,"href":"https:\/\/www.cruzroja.org.ar\/corrientes\/wp-json\/wp\/v2\/comments?post=128"}],"version-history":[{"count":14,"href":"https:\/\/www.cruzroja.org.ar\/corrientes\/wp-json\/wp\/v2\/pages\/128\/revisions"}],"predecessor-version":[{"id":2863,"href":"https:\/\/www.cruzroja.org.ar\/corrientes\/wp-json\/wp\/v2\/pages\/128\/revisions\/2863"}],"up":[{"embeddable":true,"href":"https:\/\/www.cruzroja.org.ar\/corrientes\/wp-json\/wp\/v2\/pages\/126"}],"wp:attachment":[{"href":"https:\/\/www.cruzroja.org.ar\/corrientes\/wp-json\/wp\/v2\/media?parent=128"}],"curies":[{"name":"wp","href":"https:\/\/api.w.org\/{rel}","templated":true}]}}