{"id":1290,"date":"2019-05-27T22:36:56","date_gmt":"2019-05-27T22:36:56","guid":{"rendered":"http:\/\/www.cruzroja.org.ar\/corrientes\/?page_id=1290"},"modified":"2019-05-28T12:52:27","modified_gmt":"2019-05-28T12:52:27","slug":"taller-tecnicas-estudio","status":"publish","type":"page","link":"https:\/\/www.cruzroja.org.ar\/corrientes\/instituto\/taller-tecnicas-estudio\/","title":{"rendered":"Taller de t\u00e9cnicas de estudio"},"content":{"rendered":"<p>Si podes asistir el viernes 31 de mayo de 15 a 17 hs completa el siguiente formulario:<\/p>\r\nLas inscripciones est\u00e1n cerradas.\r\n<!\u2014-iframe src=\"http:\/\/www.cruzroja.org.ar\/corrientes\/formularios\/?page=taller-de-tecnicas-de-estudio\" frameborder=\"0\" width=\"100%\" height=\"840\"><\/iframe\u2014->\r\n<p>Pr\u00f3ximamente se publicar\u00e1n las fechas para las replicas del mismo taller.<\/p>","protected":false},"excerpt":{"rendered":"<p>Si podes asistir el viernes 31 de mayo de 15 a 17 hs completa el siguiente formulario: Las inscripciones est\u00e1n cerradas. Pr\u00f3ximamente se publicar\u00e1n las fechas para las replicas del mismo taller.<\/p>\n","protected":false},"author":1,"featured_media":0,"parent":104,"menu_order":4,"comment_status":"closed","ping_status":"closed","template":"template-sumate.php","meta":[],"acf":[],"yoast_head":"<!-- This site is optimized with the Yoast SEO plugin v19.2 - https:\/\/yoast.com\/wordpress\/plugins\/seo\/ -->\n<title>Taller de t\u00e9cnicas de estudio - Cruz Roja Argentina Filial Corrientes<\/title>\n<meta name=\"robots\" content=\"index, follow, max-snippet:-1, max-image-preview:large, max-video-preview:-1\" \/>\n<link rel=\"canonical\" href=\"https:\/\/www.cruzroja.org.ar\/corrientes\/instituto\/taller-tecnicas-estudio\/\" \/>\n<meta property=\"og:locale\" content=\"es_ES\" \/>\n<meta property=\"og:type\" content=\"article\" \/>\n<meta property=\"og:title\" content=\"Taller de t\u00e9cnicas de estudio - Cruz Roja Argentina Filial Corrientes\" \/>\n<meta property=\"og:description\" content=\"Si podes asistir el viernes 31 de mayo de 15 a 17 hs completa el siguiente formulario: Las inscripciones est\u00e1n cerradas. Pr\u00f3ximamente se publicar\u00e1n las fechas para las replicas del mismo taller.\" \/>\n<meta property=\"og:url\" content=\"https:\/\/www.cruzroja.org.ar\/corrientes\/instituto\/taller-tecnicas-estudio\/\" \/>\n<meta property=\"og:site_name\" content=\"Cruz Roja Argentina Filial Corrientes\" \/>\n<meta property=\"article:modified_time\" content=\"2019-05-28T12:52:27+00:00\" \/>\n<meta name=\"author\" content=\"alberto\" \/>\n<meta name=\"twitter:card\" content=\"summary\" \/>\n<script type=\"application\/ld+json\" class=\"yoast-schema-graph\">{\"@context\":\"https:\/\/schema.org\",\"@graph\":[{\"@type\":\"WebSite\",\"@id\":\"https:\/\/www.cruzroja.org.ar\/corrientes\/#website\",\"url\":\"https:\/\/www.cruzroja.org.ar\/corrientes\/\",\"name\":\"Cruz Roja Argentina Filial Corrientes\",\"description\":\"Cruz Roja Argentina Filial Corrientes\",\"potentialAction\":[{\"@type\":\"SearchAction\",\"target\":{\"@type\":\"EntryPoint\",\"urlTemplate\":\"https:\/\/www.cruzroja.org.ar\/corrientes\/?s={search_term_string}\"},\"query-input\":\"required name=search_term_string\"}],\"inLanguage\":\"es\"},{\"@type\":\"WebPage\",\"@id\":\"https:\/\/www.cruzroja.org.ar\/corrientes\/instituto\/taller-tecnicas-estudio\/#webpage\",\"url\":\"https:\/\/www.cruzroja.org.ar\/corrientes\/instituto\/taller-tecnicas-estudio\/\",\"name\":\"Taller de t\u00e9cnicas de estudio - Cruz Roja Argentina Filial Corrientes\",\"isPartOf\":{\"@id\":\"https:\/\/www.cruzroja.org.ar\/corrientes\/#website\"},\"datePublished\":\"2019-05-27T22:36:56+00:00\",\"dateModified\":\"2019-05-28T12:52:27+00:00\",\"breadcrumb\":{\"@id\":\"https:\/\/www.cruzroja.org.ar\/corrientes\/instituto\/taller-tecnicas-estudio\/#breadcrumb\"},\"inLanguage\":\"es\",\"potentialAction\":[{\"@type\":\"ReadAction\",\"target\":[\"https:\/\/www.cruzroja.org.ar\/corrientes\/instituto\/taller-tecnicas-estudio\/\"]}]},{\"@type\":\"BreadcrumbList\",\"@id\":\"https:\/\/www.cruzroja.org.ar\/corrientes\/instituto\/taller-tecnicas-estudio\/#breadcrumb\",\"itemListElement\":[{\"@type\":\"ListItem\",\"position\":1,\"name\":\"Portada\",\"item\":\"https:\/\/www.cruzroja.org.ar\/corrientes\/\"},{\"@type\":\"ListItem\",\"position\":2,\"name\":\"Instituto\",\"item\":\"https:\/\/www.cruzroja.org.ar\/corrientes\/instituto\/\"},{\"@type\":\"ListItem\",\"position\":3,\"name\":\"Taller de t\u00e9cnicas de estudio\"}]}]}<\/script>\n<!-- \/ Yoast SEO plugin. -->","yoast_head_json":{"title":"Taller de t\u00e9cnicas de estudio - Cruz Roja Argentina Filial Corrientes","robots":{"index":"index","follow":"follow","max-snippet":"max-snippet:-1","max-image-preview":"max-image-preview:large","max-video-preview":"max-video-preview:-1"},"canonical":"https:\/\/www.cruzroja.org.ar\/corrientes\/instituto\/taller-tecnicas-estudio\/","og_locale":"es_ES","og_type":"article","og_title":"Taller de t\u00e9cnicas de estudio - Cruz Roja Argentina Filial Corrientes","og_description":"Si podes asistir el viernes 31 de mayo de 15 a 17 hs completa el siguiente formulario: Las inscripciones est\u00e1n cerradas. Pr\u00f3ximamente se publicar\u00e1n las fechas para las replicas del mismo taller.","og_url":"https:\/\/www.cruzroja.org.ar\/corrientes\/instituto\/taller-tecnicas-estudio\/","og_site_name":"Cruz Roja Argentina Filial Corrientes","article_modified_time":"2019-05-28T12:52:27+00:00","author":"alberto","twitter_card":"summary","schema":{"@context":"https:\/\/schema.org","@graph":[{"@type":"WebSite","@id":"https:\/\/www.cruzroja.org.ar\/corrientes\/#website","url":"https:\/\/www.cruzroja.org.ar\/corrientes\/","name":"Cruz Roja Argentina Filial Corrientes","description":"Cruz Roja Argentina Filial Corrientes","potentialAction":[{"@type":"SearchAction","target":{"@type":"EntryPoint","urlTemplate":"https:\/\/www.cruzroja.org.ar\/corrientes\/?s={search_term_string}"},"query-input":"required name=search_term_string"}],"inLanguage":"es"},{"@type":"WebPage","@id":"https:\/\/www.cruzroja.org.ar\/corrientes\/instituto\/taller-tecnicas-estudio\/#webpage","url":"https:\/\/www.cruzroja.org.ar\/corrientes\/instituto\/taller-tecnicas-estudio\/","name":"Taller de t\u00e9cnicas de estudio - Cruz Roja Argentina Filial Corrientes","isPartOf":{"@id":"https:\/\/www.cruzroja.org.ar\/corrientes\/#website"},"datePublished":"2019-05-27T22:36:56+00:00","dateModified":"2019-05-28T12:52:27+00:00","breadcrumb":{"@id":"https:\/\/www.cruzroja.org.ar\/corrientes\/instituto\/taller-tecnicas-estudio\/#breadcrumb"},"inLanguage":"es","potentialAction":[{"@type":"ReadAction","target":["https:\/\/www.cruzroja.org.ar\/corrientes\/instituto\/taller-tecnicas-estudio\/"]}]},{"@type":"BreadcrumbList","@id":"https:\/\/www.cruzroja.org.ar\/corrientes\/instituto\/taller-tecnicas-estudio\/#breadcrumb","itemListElement":[{"@type":"ListItem","position":1,"name":"Portada","item":"https:\/\/www.cruzroja.org.ar\/corrientes\/"},{"@type":"ListItem","position":2,"name":"Instituto","item":"https:\/\/www.cruzroja.org.ar\/corrientes\/instituto\/"},{"@type":"ListItem","position":3,"name":"Taller de t\u00e9cnicas de estudio"}]}]}},"_links":{"self":[{"href":"https:\/\/www.cruzroja.org.ar\/corrientes\/wp-json\/wp\/v2\/pages\/1290"}],"collection":[{"href":"https:\/\/www.cruzroja.org.ar\/corrientes\/wp-json\/wp\/v2\/pages"}],"about":[{"href":"https:\/\/www.cruzroja.org.ar\/corrientes\/wp-json\/wp\/v2\/types\/page"}],"author":[{"embeddable":true,"href":"https:\/\/www.cruzroja.org.ar\/corrientes\/wp-json\/wp\/v2\/users\/1"}],"replies":[{"embeddable":true,"href":"https:\/\/www.cruzroja.org.ar\/corrientes\/wp-json\/wp\/v2\/comments?post=1290"}],"version-history":[{"count":14,"href":"https:\/\/www.cruzroja.org.ar\/corrientes\/wp-json\/wp\/v2\/pages\/1290\/revisions"}],"predecessor-version":[{"id":1304,"href":"https:\/\/www.cruzroja.org.ar\/corrientes\/wp-json\/wp\/v2\/pages\/1290\/revisions\/1304"}],"up":[{"embeddable":true,"href":"https:\/\/www.cruzroja.org.ar\/corrientes\/wp-json\/wp\/v2\/pages\/104"}],"wp:attachment":[{"href":"https:\/\/www.cruzroja.org.ar\/corrientes\/wp-json\/wp\/v2\/media?parent=1290"}],"curies":[{"name":"wp","href":"https:\/\/api.w.org\/{rel}","templated":true}]}}