{"id":131,"date":"2017-10-20T03:25:39","date_gmt":"2017-10-20T03:25:39","guid":{"rendered":"http:\/\/cruzrojacorrientes.org\/?page_id=131"},"modified":"2022-09-20T00:25:12","modified_gmt":"2022-09-20T00:25:12","slug":"cruz-roja-juventud","status":"publish","type":"page","link":"https:\/\/www.cruzroja.org.ar\/corrientes\/voluntariado\/cruz-roja-juventud\/","title":{"rendered":"Cruz Roja Juventud"},"content":{"rendered":"<h2 id=\"conocenos\" class=\"section-title\">Cruz Roja Juventud<\/h2>\n<blockquote>\n<p>\u00abSi tenes entre 16 y 24 a\u00f1os, podes tambi\u00e9n sumarte a Cruz Roja Juventud y participar en actividades diversas de car\u00e1cter formativo.\u00bb.<\/p>\n<\/blockquote>\n<p>                    <!--<a href=\"[home_url]\/wp-content\/uploads\/2017\/10\/DSC_0548.jpg\" data-fancybox=\"gallery\" ><img src=\"[home_url]\/wp-content\/uploads\/2017\/10\/DSC_0548.jpg\" class=\"img-article pull-right img-margin-left\"><\/a>--><\/p>\n<p>La juventud act\u00faa como agente de cambio social, ofrece un enfoque innovador y propone ideas y nuevas perspectivas a la hora de abordar las tem\u00e1ticas sociales que nos hemos propuesto trabajar. Convocar y formar a j\u00f3venes no es solo una inversi\u00f3n que fortalecer\u00e1 a la instituci\u00f3n en el futuro sino que tambi\u00e9n lo hace en el presente. La participaci\u00f3n de los j\u00f3venes le permite a Cruz Roja Argentina aprovechar sus principales cualidades, que ayudar\u00e1n a construir una organizaci\u00f3n m\u00e1s din\u00e1mica, con mayor adaptabilidad a los cambios, m\u00e1s creativa y comprometida.<\/p>\n<p>El objetivo es inculcar a ni\u00f1os, ni\u00f1as y j\u00f3venes principios y valores del Movimiento Internacional de la Cruz Roja y Media Luna Roja, habituarlos a cuidar su salud, ejercitarlos en la comprensi\u00f3n de los deberes de la solidaridad humana, c\u00edvica y de protecci\u00f3n a los recursos naturales, desarrollar en ellos la pr\u00e1ctica de la ayuda mutua con respeto, buscando un cambio de actitud as\u00ed como la modificaci\u00f3n en sus h\u00e1bitos de consumo y de relaci\u00f3n, teniendo en cuenta la misi\u00f3n de Cruz Roja Argentina \u00abcontribuir a mejorar la vida de las personas, en especial de aquellas que se encuentren en situaci\u00f3n de vulnerabilidad\u00bb.<\/p>\n\n\n<pre class=\"wp-block-code\"><code><\/code><\/pre>\n","protected":false},"excerpt":{"rendered":"<p>Cruz Roja Juventud \u00abSi tenes entre 16 y 24 a\u00f1os, podes tambi\u00e9n sumarte a Cruz Roja Juventud y participar en actividades diversas de car\u00e1cter formativo.\u00bb. La juventud act\u00faa como agente de cambio social, ofrece un enfoque innovador y propone ideas y nuevas perspectivas a la hora de abordar las tem\u00e1ticas sociales que nos hemos propuesto [&hellip;]<\/p>\n","protected":false},"author":1,"featured_media":0,"parent":126,"menu_order":0,"comment_status":"closed","ping_status":"closed","template":"","meta":[],"acf":[],"yoast_head":"<!-- This site is optimized with the Yoast SEO plugin v19.2 - https:\/\/yoast.com\/wordpress\/plugins\/seo\/ -->\n<title>Cruz Roja Juventud - Cruz Roja Argentina Filial Corrientes<\/title>\n<meta name=\"robots\" content=\"index, follow, max-snippet:-1, max-image-preview:large, max-video-preview:-1\" \/>\n<link rel=\"canonical\" href=\"https:\/\/www.cruzroja.org.ar\/corrientes\/voluntariado\/cruz-roja-juventud\/\" \/>\n<meta property=\"og:locale\" content=\"es_ES\" \/>\n<meta property=\"og:type\" content=\"article\" \/>\n<meta property=\"og:title\" content=\"Cruz Roja Juventud - Cruz Roja Argentina Filial Corrientes\" \/>\n<meta property=\"og:description\" content=\"Cruz Roja Juventud \u00abSi tenes entre 16 y 24 a\u00f1os, podes tambi\u00e9n sumarte a Cruz Roja Juventud y participar en actividades diversas de car\u00e1cter formativo.\u00bb. La juventud act\u00faa como agente de cambio social, ofrece un enfoque innovador y propone ideas y nuevas perspectivas a la hora de abordar las tem\u00e1ticas sociales que nos hemos propuesto [&hellip;]\" \/>\n<meta property=\"og:url\" content=\"https:\/\/www.cruzroja.org.ar\/corrientes\/voluntariado\/cruz-roja-juventud\/\" \/>\n<meta property=\"og:site_name\" content=\"Cruz Roja Argentina Filial Corrientes\" \/>\n<meta property=\"article:modified_time\" content=\"2022-09-20T00:25:12+00:00\" \/>\n<meta name=\"author\" content=\"alberto\" \/>\n<meta name=\"twitter:card\" content=\"summary\" \/>\n<meta name=\"twitter:label1\" content=\"Tiempo de lectura\" \/>\n\t<meta name=\"twitter:data1\" content=\"2 minutos\" \/>\n<script type=\"application\/ld+json\" class=\"yoast-schema-graph\">{\"@context\":\"https:\/\/schema.org\",\"@graph\":[{\"@type\":\"WebSite\",\"@id\":\"https:\/\/www.cruzroja.org.ar\/corrientes\/#website\",\"url\":\"https:\/\/www.cruzroja.org.ar\/corrientes\/\",\"name\":\"Cruz Roja Argentina Filial Corrientes\",\"description\":\"Cruz Roja Argentina Filial Corrientes\",\"potentialAction\":[{\"@type\":\"SearchAction\",\"target\":{\"@type\":\"EntryPoint\",\"urlTemplate\":\"https:\/\/www.cruzroja.org.ar\/corrientes\/?s={search_term_string}\"},\"query-input\":\"required name=search_term_string\"}],\"inLanguage\":\"es\"},{\"@type\":\"WebPage\",\"@id\":\"https:\/\/www.cruzroja.org.ar\/corrientes\/voluntariado\/cruz-roja-juventud\/#webpage\",\"url\":\"https:\/\/www.cruzroja.org.ar\/corrientes\/voluntariado\/cruz-roja-juventud\/\",\"name\":\"Cruz Roja Juventud - Cruz Roja Argentina Filial Corrientes\",\"isPartOf\":{\"@id\":\"https:\/\/www.cruzroja.org.ar\/corrientes\/#website\"},\"datePublished\":\"2017-10-20T03:25:39+00:00\",\"dateModified\":\"2022-09-20T00:25:12+00:00\",\"breadcrumb\":{\"@id\":\"https:\/\/www.cruzroja.org.ar\/corrientes\/voluntariado\/cruz-roja-juventud\/#breadcrumb\"},\"inLanguage\":\"es\",\"potentialAction\":[{\"@type\":\"ReadAction\",\"target\":[\"https:\/\/www.cruzroja.org.ar\/corrientes\/voluntariado\/cruz-roja-juventud\/\"]}]},{\"@type\":\"BreadcrumbList\",\"@id\":\"https:\/\/www.cruzroja.org.ar\/corrientes\/voluntariado\/cruz-roja-juventud\/#breadcrumb\",\"itemListElement\":[{\"@type\":\"ListItem\",\"position\":1,\"name\":\"Portada\",\"item\":\"https:\/\/www.cruzroja.org.ar\/corrientes\/\"},{\"@type\":\"ListItem\",\"position\":2,\"name\":\"Voluntariado\",\"item\":\"https:\/\/www.cruzroja.org.ar\/corrientes\/voluntariado\/\"},{\"@type\":\"ListItem\",\"position\":3,\"name\":\"Cruz Roja Juventud\"}]}]}<\/script>\n<!-- \/ Yoast SEO plugin. -->","yoast_head_json":{"title":"Cruz Roja Juventud - Cruz Roja Argentina Filial Corrientes","robots":{"index":"index","follow":"follow","max-snippet":"max-snippet:-1","max-image-preview":"max-image-preview:large","max-video-preview":"max-video-preview:-1"},"canonical":"https:\/\/www.cruzroja.org.ar\/corrientes\/voluntariado\/cruz-roja-juventud\/","og_locale":"es_ES","og_type":"article","og_title":"Cruz Roja Juventud - Cruz Roja Argentina Filial Corrientes","og_description":"Cruz Roja Juventud \u00abSi tenes entre 16 y 24 a\u00f1os, podes tambi\u00e9n sumarte a Cruz Roja Juventud y participar en actividades diversas de car\u00e1cter formativo.\u00bb. La juventud act\u00faa como agente de cambio social, ofrece un enfoque innovador y propone ideas y nuevas perspectivas a la hora de abordar las tem\u00e1ticas sociales que nos hemos propuesto [&hellip;]","og_url":"https:\/\/www.cruzroja.org.ar\/corrientes\/voluntariado\/cruz-roja-juventud\/","og_site_name":"Cruz Roja Argentina Filial Corrientes","article_modified_time":"2022-09-20T00:25:12+00:00","author":"alberto","twitter_card":"summary","twitter_misc":{"Tiempo de lectura":"2 minutos"},"schema":{"@context":"https:\/\/schema.org","@graph":[{"@type":"WebSite","@id":"https:\/\/www.cruzroja.org.ar\/corrientes\/#website","url":"https:\/\/www.cruzroja.org.ar\/corrientes\/","name":"Cruz Roja Argentina Filial Corrientes","description":"Cruz Roja Argentina Filial Corrientes","potentialAction":[{"@type":"SearchAction","target":{"@type":"EntryPoint","urlTemplate":"https:\/\/www.cruzroja.org.ar\/corrientes\/?s={search_term_string}"},"query-input":"required name=search_term_string"}],"inLanguage":"es"},{"@type":"WebPage","@id":"https:\/\/www.cruzroja.org.ar\/corrientes\/voluntariado\/cruz-roja-juventud\/#webpage","url":"https:\/\/www.cruzroja.org.ar\/corrientes\/voluntariado\/cruz-roja-juventud\/","name":"Cruz Roja Juventud - Cruz Roja Argentina Filial Corrientes","isPartOf":{"@id":"https:\/\/www.cruzroja.org.ar\/corrientes\/#website"},"datePublished":"2017-10-20T03:25:39+00:00","dateModified":"2022-09-20T00:25:12+00:00","breadcrumb":{"@id":"https:\/\/www.cruzroja.org.ar\/corrientes\/voluntariado\/cruz-roja-juventud\/#breadcrumb"},"inLanguage":"es","potentialAction":[{"@type":"ReadAction","target":["https:\/\/www.cruzroja.org.ar\/corrientes\/voluntariado\/cruz-roja-juventud\/"]}]},{"@type":"BreadcrumbList","@id":"https:\/\/www.cruzroja.org.ar\/corrientes\/voluntariado\/cruz-roja-juventud\/#breadcrumb","itemListElement":[{"@type":"ListItem","position":1,"name":"Portada","item":"https:\/\/www.cruzroja.org.ar\/corrientes\/"},{"@type":"ListItem","position":2,"name":"Voluntariado","item":"https:\/\/www.cruzroja.org.ar\/corrientes\/voluntariado\/"},{"@type":"ListItem","position":3,"name":"Cruz Roja Juventud"}]}]}},"_links":{"self":[{"href":"https:\/\/www.cruzroja.org.ar\/corrientes\/wp-json\/wp\/v2\/pages\/131"}],"collection":[{"href":"https:\/\/www.cruzroja.org.ar\/corrientes\/wp-json\/wp\/v2\/pages"}],"about":[{"href":"https:\/\/www.cruzroja.org.ar\/corrientes\/wp-json\/wp\/v2\/types\/page"}],"author":[{"embeddable":true,"href":"https:\/\/www.cruzroja.org.ar\/corrientes\/wp-json\/wp\/v2\/users\/1"}],"replies":[{"embeddable":true,"href":"https:\/\/www.cruzroja.org.ar\/corrientes\/wp-json\/wp\/v2\/comments?post=131"}],"version-history":[{"count":11,"href":"https:\/\/www.cruzroja.org.ar\/corrientes\/wp-json\/wp\/v2\/pages\/131\/revisions"}],"predecessor-version":[{"id":2862,"href":"https:\/\/www.cruzroja.org.ar\/corrientes\/wp-json\/wp\/v2\/pages\/131\/revisions\/2862"}],"up":[{"embeddable":true,"href":"https:\/\/www.cruzroja.org.ar\/corrientes\/wp-json\/wp\/v2\/pages\/126"}],"wp:attachment":[{"href":"https:\/\/www.cruzroja.org.ar\/corrientes\/wp-json\/wp\/v2\/media?parent=131"}],"curies":[{"name":"wp","href":"https:\/\/api.w.org\/{rel}","templated":true}]}}