{"id":4361,"date":"2026-03-04T12:17:34","date_gmt":"2026-03-04T12:17:34","guid":{"rendered":"https:\/\/www.cruzroja.org.ar\/corrientes\/?page_id=4361"},"modified":"2026-03-04T12:51:29","modified_gmt":"2026-03-04T12:51:29","slug":"info-ingresantes-2026-novedades-educativas-duplicate-1","status":"publish","type":"page","link":"https:\/\/www.cruzroja.org.ar\/corrientes\/instituto\/info-ingresantes-2026-novedades-educativas-duplicate-1\/","title":{"rendered":"Inscripciones para Ingresantes 2026"},"content":{"rendered":"<p data-wp-editing=\"1\"><img loading=\"lazy\" class=\"aligncenter wp-image-4194\" src=\"https:\/\/www.cruzroja.org.ar\/corrientes\/wp-content\/uploads\/2025\/11\/todo_1@3x-100-300x53.jpg\" alt=\"\" width=\"566\" height=\"100\" srcset=\"https:\/\/www.cruzroja.org.ar\/corrientes\/wp-content\/uploads\/2025\/11\/todo_1@3x-100-300x53.jpg 300w, https:\/\/www.cruzroja.org.ar\/corrientes\/wp-content\/uploads\/2025\/11\/todo_1@3x-100-1024x180.jpg 1024w, https:\/\/www.cruzroja.org.ar\/corrientes\/wp-content\/uploads\/2025\/11\/todo_1@3x-100-150x26.jpg 150w, https:\/\/www.cruzroja.org.ar\/corrientes\/wp-content\/uploads\/2025\/11\/todo_1@3x-100-768x135.jpg 768w, https:\/\/www.cruzroja.org.ar\/corrientes\/wp-content\/uploads\/2025\/11\/todo_1@3x-100-1536x270.jpg 1536w, https:\/\/www.cruzroja.org.ar\/corrientes\/wp-content\/uploads\/2025\/11\/todo_1@3x-100-2048x360.jpg 2048w\" sizes=\"(max-width: 566px) 100vw, 566px\" \/><\/p>\r\n<p data-wp-editing=\"1\"><a href=\"https:\/\/cruzrojacorrientes.quinttos.com\/index.php\/inscripcion\" target=\"_blank\" rel=\"noopener\"><img loading=\"lazy\" class=\"aligncenter wp-image-4182\" src=\"https:\/\/www.cruzroja.org.ar\/corrientes\/wp-content\/uploads\/2025\/11\/Tutorial@3x-100-300x53.jpg\" alt=\"\" width=\"566\" height=\"100\" srcset=\"https:\/\/www.cruzroja.org.ar\/corrientes\/wp-content\/uploads\/2025\/11\/Tutorial@3x-100-300x53.jpg 300w, https:\/\/www.cruzroja.org.ar\/corrientes\/wp-content\/uploads\/2025\/11\/Tutorial@3x-100-1024x180.jpg 1024w, https:\/\/www.cruzroja.org.ar\/corrientes\/wp-content\/uploads\/2025\/11\/Tutorial@3x-100-150x26.jpg 150w, https:\/\/www.cruzroja.org.ar\/corrientes\/wp-content\/uploads\/2025\/11\/Tutorial@3x-100-768x135.jpg 768w, https:\/\/www.cruzroja.org.ar\/corrientes\/wp-content\/uploads\/2025\/11\/Tutorial@3x-100-1536x270.jpg 1536w, https:\/\/www.cruzroja.org.ar\/corrientes\/wp-content\/uploads\/2025\/11\/Tutorial@3x-100-2048x360.jpg 2048w\" sizes=\"(max-width: 566px) 100vw, 566px\" \/><\/a><img loading=\"lazy\" class=\"aligncenter wp-image-4196\" src=\"https:\/\/www.cruzroja.org.ar\/corrientes\/wp-content\/uploads\/2025\/11\/Requisitos_1@3x-100-1-300x53.jpg\" alt=\"\" width=\"566\" height=\"100\" srcset=\"https:\/\/www.cruzroja.org.ar\/corrientes\/wp-content\/uploads\/2025\/11\/Requisitos_1@3x-100-1-300x53.jpg 300w, https:\/\/www.cruzroja.org.ar\/corrientes\/wp-content\/uploads\/2025\/11\/Requisitos_1@3x-100-1-1024x180.jpg 1024w, https:\/\/www.cruzroja.org.ar\/corrientes\/wp-content\/uploads\/2025\/11\/Requisitos_1@3x-100-1-150x26.jpg 150w, https:\/\/www.cruzroja.org.ar\/corrientes\/wp-content\/uploads\/2025\/11\/Requisitos_1@3x-100-1-768x135.jpg 768w, https:\/\/www.cruzroja.org.ar\/corrientes\/wp-content\/uploads\/2025\/11\/Requisitos_1@3x-100-1-1536x270.jpg 1536w, https:\/\/www.cruzroja.org.ar\/corrientes\/wp-content\/uploads\/2025\/11\/Requisitos_1@3x-100-1-2048x360.jpg 2048w\" sizes=\"(max-width: 566px) 100vw, 566px\" \/><a href=\"https:\/\/drive.google.com\/file\/d\/1EJwCjNuCFy64V0z8InzjFwlTUcLkRf-1\/view?usp=sharing\" target=\"_blank\" rel=\"noopener\"><img loading=\"lazy\" class=\"aligncenter wp-image-4190\" src=\"https:\/\/www.cruzroja.org.ar\/corrientes\/wp-content\/uploads\/2025\/11\/Contrato@3x-100-300x53.jpg\" alt=\"\" width=\"566\" height=\"100\" srcset=\"https:\/\/www.cruzroja.org.ar\/corrientes\/wp-content\/uploads\/2025\/11\/Contrato@3x-100-300x53.jpg 300w, https:\/\/www.cruzroja.org.ar\/corrientes\/wp-content\/uploads\/2025\/11\/Contrato@3x-100-1024x180.jpg 1024w, https:\/\/www.cruzroja.org.ar\/corrientes\/wp-content\/uploads\/2025\/11\/Contrato@3x-100-150x26.jpg 150w, https:\/\/www.cruzroja.org.ar\/corrientes\/wp-content\/uploads\/2025\/11\/Contrato@3x-100-768x135.jpg 768w, https:\/\/www.cruzroja.org.ar\/corrientes\/wp-content\/uploads\/2025\/11\/Contrato@3x-100-1536x270.jpg 1536w, https:\/\/www.cruzroja.org.ar\/corrientes\/wp-content\/uploads\/2025\/11\/Contrato@3x-100-2048x360.jpg 2048w\" sizes=\"(max-width: 566px) 100vw, 566px\" \/><\/a><\/p>\r\n<p data-wp-editing=\"1\"><a href=\"https:\/\/drive.google.com\/file\/d\/1Qhk58s4qjg-SRrLlkUt4ZT9X-O8BLF5R\/view?usp=drive_link\" target=\"_blank\" rel=\"noopener\"><img loading=\"lazy\" class=\"aligncenter wp-image-4184\" src=\"https:\/\/www.cruzroja.org.ar\/corrientes\/wp-content\/uploads\/2025\/11\/Ficha@3x-100-300x53.jpg\" alt=\"\" width=\"566\" height=\"100\" srcset=\"https:\/\/www.cruzroja.org.ar\/corrientes\/wp-content\/uploads\/2025\/11\/Ficha@3x-100-300x53.jpg 300w, https:\/\/www.cruzroja.org.ar\/corrientes\/wp-content\/uploads\/2025\/11\/Ficha@3x-100-1024x180.jpg 1024w, https:\/\/www.cruzroja.org.ar\/corrientes\/wp-content\/uploads\/2025\/11\/Ficha@3x-100-150x26.jpg 150w, https:\/\/www.cruzroja.org.ar\/corrientes\/wp-content\/uploads\/2025\/11\/Ficha@3x-100-768x135.jpg 768w, https:\/\/www.cruzroja.org.ar\/corrientes\/wp-content\/uploads\/2025\/11\/Ficha@3x-100-1536x270.jpg 1536w, https:\/\/www.cruzroja.org.ar\/corrientes\/wp-content\/uploads\/2025\/11\/Ficha@3x-100-2048x360.jpg 2048w\" sizes=\"(max-width: 566px) 100vw, 566px\" \/><\/a><\/p>\r\n\r\n<h2 data-wp-editing=\"1\"><strong><a href=\"https:\/\/www.cruzroja.org.ar\/corrientes\/wp-content\/uploads\/2026\/02\/2-Regimen-de-Convivencia-2026-2.pdf\" target=\"_blank\" rel=\"noopener\">2 &#8211; Regimen de Convivencia 2026<\/a><\/strong><\/h2>\r\n<h2><strong><a href=\"https:\/\/www.cruzroja.org.ar\/corrientes\/wp-content\/uploads\/2026\/03\/TEMARIO-PARA-EXAMENES-A-MAYORES-DE-25-ANOS-SIN-TITULO-SECUNDARIO-2026.pdf\" target=\"_blank\" rel=\"noopener\">TEMARIO PARA EXAMENES A MAYORES DE 25 A\u00d1OS SIN T\u00cdTULO SECUNDARIO 2026<\/a><\/strong><\/h2>\r\n<h2><strong>Taller de preparaci\u00f3n para ex\u00e1menes de Mayores de 25 a\u00f1os: \u00a03\/3 a las 17hrs y el viernes 6\/3 a las 10Hrs.<\/strong><\/h2>\r\n<h2><strong>Ex\u00e1menes nivelatorios: 11\/3 a las 9hrs Matem\u00e1tica y Ciencias Naturales y 13\/3 a las 9hrs Lengua y Ciencias SSciales<\/strong><\/h2>\r\n<h2><\/h2>\r\n&nbsp;\r\n<h2><\/h2>\r\n&nbsp;\r\n<h2><\/h2>\r\n<h2><\/h2>\r\n&nbsp;","protected":false},"excerpt":{"rendered":"<p>2 &#8211; Regimen de Convivencia 2026 TEMARIO PARA EXAMENES A MAYORES DE 25 A\u00d1OS SIN T\u00cdTULO SECUNDARIO 2026 Taller de preparaci\u00f3n para ex\u00e1menes de Mayores de 25 a\u00f1os: \u00a03\/3 a las 17hrs y el viernes 6\/3 a las 10Hrs. Ex\u00e1menes nivelatorios: 11\/3 a las 9hrs Matem\u00e1tica y Ciencias Naturales y 13\/3 a las 9hrs Lengua [&hellip;]<\/p>\n","protected":false},"author":1,"featured_media":4181,"parent":104,"menu_order":0,"comment_status":"closed","ping_status":"closed","template":"","meta":[],"acf":[],"yoast_head":"<!-- This site is optimized with the Yoast SEO plugin v19.2 - https:\/\/yoast.com\/wordpress\/plugins\/seo\/ -->\n<title>Inscripciones para Ingresantes 2026 - Cruz Roja Argentina Filial Corrientes<\/title>\n<meta name=\"robots\" content=\"index, follow, max-snippet:-1, max-image-preview:large, max-video-preview:-1\" \/>\n<link rel=\"canonical\" href=\"https:\/\/www.cruzroja.org.ar\/corrientes\/instituto\/info-ingresantes-2026-novedades-educativas-duplicate-1\/\" \/>\n<meta property=\"og:locale\" content=\"es_ES\" \/>\n<meta property=\"og:type\" content=\"article\" \/>\n<meta property=\"og:title\" content=\"Inscripciones para Ingresantes 2026 - Cruz Roja Argentina Filial Corrientes\" \/>\n<meta property=\"og:description\" content=\"2 &#8211; Regimen de Convivencia 2026 TEMARIO PARA EXAMENES A MAYORES DE 25 A\u00d1OS SIN T\u00cdTULO SECUNDARIO 2026 Taller de preparaci\u00f3n para ex\u00e1menes de Mayores de 25 a\u00f1os: \u00a03\/3 a las 17hrs y el viernes 6\/3 a las 10Hrs. Ex\u00e1menes nivelatorios: 11\/3 a las 9hrs Matem\u00e1tica y Ciencias Naturales y 13\/3 a las 9hrs Lengua [&hellip;]\" \/>\n<meta property=\"og:url\" content=\"https:\/\/www.cruzroja.org.ar\/corrientes\/instituto\/info-ingresantes-2026-novedades-educativas-duplicate-1\/\" \/>\n<meta property=\"og:site_name\" content=\"Cruz Roja Argentina Filial Corrientes\" \/>\n<meta property=\"article:modified_time\" content=\"2026-03-04T12:51:29+00:00\" \/>\n<meta property=\"og:image\" content=\"https:\/\/www.cruzroja.org.ar\/corrientes\/wp-content\/uploads\/2025\/11\/Tutorial_1@3x-100-scaled.jpg\" \/>\n\t<meta property=\"og:image:width\" content=\"1364\" \/>\n\t<meta property=\"og:image:height\" content=\"2560\" \/>\n\t<meta property=\"og:image:type\" content=\"image\/jpeg\" \/>\n<meta name=\"author\" content=\"alberto\" \/>\n<meta name=\"twitter:card\" content=\"summary\" \/>\n<meta name=\"twitter:label1\" content=\"Tiempo de lectura\" \/>\n\t<meta name=\"twitter:data1\" content=\"2 minutos\" \/>\n<script type=\"application\/ld+json\" class=\"yoast-schema-graph\">{\"@context\":\"https:\/\/schema.org\",\"@graph\":[{\"@type\":\"WebSite\",\"@id\":\"https:\/\/www.cruzroja.org.ar\/corrientes\/#website\",\"url\":\"https:\/\/www.cruzroja.org.ar\/corrientes\/\",\"name\":\"Cruz Roja Argentina Filial Corrientes\",\"description\":\"Cruz Roja Argentina Filial Corrientes\",\"potentialAction\":[{\"@type\":\"SearchAction\",\"target\":{\"@type\":\"EntryPoint\",\"urlTemplate\":\"https:\/\/www.cruzroja.org.ar\/corrientes\/?s={search_term_string}\"},\"query-input\":\"required name=search_term_string\"}],\"inLanguage\":\"es\"},{\"@type\":\"ImageObject\",\"inLanguage\":\"es\",\"@id\":\"https:\/\/www.cruzroja.org.ar\/corrientes\/instituto\/info-ingresantes-2026-novedades-educativas-duplicate-1\/#primaryimage\",\"url\":\"https:\/\/www.cruzroja.org.ar\/corrientes\/wp-content\/uploads\/2025\/11\/Tutorial_1@3x-100-scaled.jpg\",\"contentUrl\":\"https:\/\/www.cruzroja.org.ar\/corrientes\/wp-content\/uploads\/2025\/11\/Tutorial_1@3x-100-scaled.jpg\",\"width\":1364,\"height\":2560},{\"@type\":\"WebPage\",\"@id\":\"https:\/\/www.cruzroja.org.ar\/corrientes\/instituto\/info-ingresantes-2026-novedades-educativas-duplicate-1\/#webpage\",\"url\":\"https:\/\/www.cruzroja.org.ar\/corrientes\/instituto\/info-ingresantes-2026-novedades-educativas-duplicate-1\/\",\"name\":\"Inscripciones para Ingresantes 2026 - Cruz Roja Argentina Filial Corrientes\",\"isPartOf\":{\"@id\":\"https:\/\/www.cruzroja.org.ar\/corrientes\/#website\"},\"primaryImageOfPage\":{\"@id\":\"https:\/\/www.cruzroja.org.ar\/corrientes\/instituto\/info-ingresantes-2026-novedades-educativas-duplicate-1\/#primaryimage\"},\"datePublished\":\"2026-03-04T12:17:34+00:00\",\"dateModified\":\"2026-03-04T12:51:29+00:00\",\"breadcrumb\":{\"@id\":\"https:\/\/www.cruzroja.org.ar\/corrientes\/instituto\/info-ingresantes-2026-novedades-educativas-duplicate-1\/#breadcrumb\"},\"inLanguage\":\"es\",\"potentialAction\":[{\"@type\":\"ReadAction\",\"target\":[\"https:\/\/www.cruzroja.org.ar\/corrientes\/instituto\/info-ingresantes-2026-novedades-educativas-duplicate-1\/\"]}]},{\"@type\":\"BreadcrumbList\",\"@id\":\"https:\/\/www.cruzroja.org.ar\/corrientes\/instituto\/info-ingresantes-2026-novedades-educativas-duplicate-1\/#breadcrumb\",\"itemListElement\":[{\"@type\":\"ListItem\",\"position\":1,\"name\":\"Portada\",\"item\":\"https:\/\/www.cruzroja.org.ar\/corrientes\/\"},{\"@type\":\"ListItem\",\"position\":2,\"name\":\"Instituto\",\"item\":\"https:\/\/www.cruzroja.org.ar\/corrientes\/instituto\/\"},{\"@type\":\"ListItem\",\"position\":3,\"name\":\"Inscripciones para Ingresantes 2026\"}]},{\"@type\":\"Person\",\"@id\":\"https:\/\/www.cruzroja.org.ar\/corrientes\/#\/schema\/person\/a2c65630cf2933debfa67db88fbb8f24\",\"name\":\"alberto\",\"image\":{\"@type\":\"ImageObject\",\"inLanguage\":\"es\",\"@id\":\"https:\/\/www.cruzroja.org.ar\/corrientes\/#\/schema\/person\/image\/\",\"url\":\"https:\/\/secure.gravatar.com\/avatar\/4f53f464a7b5eda510e862c4fb4cbbb0?s=96&d=mm&r=g\",\"contentUrl\":\"https:\/\/secure.gravatar.com\/avatar\/4f53f464a7b5eda510e862c4fb4cbbb0?s=96&d=mm&r=g\",\"caption\":\"alberto\"},\"url\":\"https:\/\/www.cruzroja.org.ar\/corrientes\/author\/omar\/\"}]}<\/script>\n<!-- \/ Yoast SEO plugin. -->","yoast_head_json":{"title":"Inscripciones para Ingresantes 2026 - Cruz Roja Argentina Filial Corrientes","robots":{"index":"index","follow":"follow","max-snippet":"max-snippet:-1","max-image-preview":"max-image-preview:large","max-video-preview":"max-video-preview:-1"},"canonical":"https:\/\/www.cruzroja.org.ar\/corrientes\/instituto\/info-ingresantes-2026-novedades-educativas-duplicate-1\/","og_locale":"es_ES","og_type":"article","og_title":"Inscripciones para Ingresantes 2026 - Cruz Roja Argentina Filial Corrientes","og_description":"2 &#8211; Regimen de Convivencia 2026 TEMARIO PARA EXAMENES A MAYORES DE 25 A\u00d1OS SIN T\u00cdTULO SECUNDARIO 2026 Taller de preparaci\u00f3n para ex\u00e1menes de Mayores de 25 a\u00f1os: \u00a03\/3 a las 17hrs y el viernes 6\/3 a las 10Hrs. Ex\u00e1menes nivelatorios: 11\/3 a las 9hrs Matem\u00e1tica y Ciencias Naturales y 13\/3 a las 9hrs Lengua [&hellip;]","og_url":"https:\/\/www.cruzroja.org.ar\/corrientes\/instituto\/info-ingresantes-2026-novedades-educativas-duplicate-1\/","og_site_name":"Cruz Roja Argentina Filial Corrientes","article_modified_time":"2026-03-04T12:51:29+00:00","og_image":[{"width":1364,"height":2560,"url":"https:\/\/www.cruzroja.org.ar\/corrientes\/wp-content\/uploads\/2025\/11\/Tutorial_1@3x-100-scaled.jpg","type":"image\/jpeg"}],"author":"alberto","twitter_card":"summary","twitter_misc":{"Tiempo de lectura":"2 minutos"},"schema":{"@context":"https:\/\/schema.org","@graph":[{"@type":"WebSite","@id":"https:\/\/www.cruzroja.org.ar\/corrientes\/#website","url":"https:\/\/www.cruzroja.org.ar\/corrientes\/","name":"Cruz Roja Argentina Filial Corrientes","description":"Cruz Roja Argentina Filial Corrientes","potentialAction":[{"@type":"SearchAction","target":{"@type":"EntryPoint","urlTemplate":"https:\/\/www.cruzroja.org.ar\/corrientes\/?s={search_term_string}"},"query-input":"required name=search_term_string"}],"inLanguage":"es"},{"@type":"ImageObject","inLanguage":"es","@id":"https:\/\/www.cruzroja.org.ar\/corrientes\/instituto\/info-ingresantes-2026-novedades-educativas-duplicate-1\/#primaryimage","url":"https:\/\/www.cruzroja.org.ar\/corrientes\/wp-content\/uploads\/2025\/11\/Tutorial_1@3x-100-scaled.jpg","contentUrl":"https:\/\/www.cruzroja.org.ar\/corrientes\/wp-content\/uploads\/2025\/11\/Tutorial_1@3x-100-scaled.jpg","width":1364,"height":2560},{"@type":"WebPage","@id":"https:\/\/www.cruzroja.org.ar\/corrientes\/instituto\/info-ingresantes-2026-novedades-educativas-duplicate-1\/#webpage","url":"https:\/\/www.cruzroja.org.ar\/corrientes\/instituto\/info-ingresantes-2026-novedades-educativas-duplicate-1\/","name":"Inscripciones para Ingresantes 2026 - Cruz Roja Argentina Filial Corrientes","isPartOf":{"@id":"https:\/\/www.cruzroja.org.ar\/corrientes\/#website"},"primaryImageOfPage":{"@id":"https:\/\/www.cruzroja.org.ar\/corrientes\/instituto\/info-ingresantes-2026-novedades-educativas-duplicate-1\/#primaryimage"},"datePublished":"2026-03-04T12:17:34+00:00","dateModified":"2026-03-04T12:51:29+00:00","breadcrumb":{"@id":"https:\/\/www.cruzroja.org.ar\/corrientes\/instituto\/info-ingresantes-2026-novedades-educativas-duplicate-1\/#breadcrumb"},"inLanguage":"es","potentialAction":[{"@type":"ReadAction","target":["https:\/\/www.cruzroja.org.ar\/corrientes\/instituto\/info-ingresantes-2026-novedades-educativas-duplicate-1\/"]}]},{"@type":"BreadcrumbList","@id":"https:\/\/www.cruzroja.org.ar\/corrientes\/instituto\/info-ingresantes-2026-novedades-educativas-duplicate-1\/#breadcrumb","itemListElement":[{"@type":"ListItem","position":1,"name":"Portada","item":"https:\/\/www.cruzroja.org.ar\/corrientes\/"},{"@type":"ListItem","position":2,"name":"Instituto","item":"https:\/\/www.cruzroja.org.ar\/corrientes\/instituto\/"},{"@type":"ListItem","position":3,"name":"Inscripciones para Ingresantes 2026"}]},{"@type":"Person","@id":"https:\/\/www.cruzroja.org.ar\/corrientes\/#\/schema\/person\/a2c65630cf2933debfa67db88fbb8f24","name":"alberto","image":{"@type":"ImageObject","inLanguage":"es","@id":"https:\/\/www.cruzroja.org.ar\/corrientes\/#\/schema\/person\/image\/","url":"https:\/\/secure.gravatar.com\/avatar\/4f53f464a7b5eda510e862c4fb4cbbb0?s=96&d=mm&r=g","contentUrl":"https:\/\/secure.gravatar.com\/avatar\/4f53f464a7b5eda510e862c4fb4cbbb0?s=96&d=mm&r=g","caption":"alberto"},"url":"https:\/\/www.cruzroja.org.ar\/corrientes\/author\/omar\/"}]}},"_links":{"self":[{"href":"https:\/\/www.cruzroja.org.ar\/corrientes\/wp-json\/wp\/v2\/pages\/4361"}],"collection":[{"href":"https:\/\/www.cruzroja.org.ar\/corrientes\/wp-json\/wp\/v2\/pages"}],"about":[{"href":"https:\/\/www.cruzroja.org.ar\/corrientes\/wp-json\/wp\/v2\/types\/page"}],"author":[{"embeddable":true,"href":"https:\/\/www.cruzroja.org.ar\/corrientes\/wp-json\/wp\/v2\/users\/1"}],"replies":[{"embeddable":true,"href":"https:\/\/www.cruzroja.org.ar\/corrientes\/wp-json\/wp\/v2\/comments?post=4361"}],"version-history":[{"count":2,"href":"https:\/\/www.cruzroja.org.ar\/corrientes\/wp-json\/wp\/v2\/pages\/4361\/revisions"}],"predecessor-version":[{"id":4370,"href":"https:\/\/www.cruzroja.org.ar\/corrientes\/wp-json\/wp\/v2\/pages\/4361\/revisions\/4370"}],"up":[{"embeddable":true,"href":"https:\/\/www.cruzroja.org.ar\/corrientes\/wp-json\/wp\/v2\/pages\/104"}],"wp:featuredmedia":[{"embeddable":true,"href":"https:\/\/www.cruzroja.org.ar\/corrientes\/wp-json\/wp\/v2\/media\/4181"}],"wp:attachment":[{"href":"https:\/\/www.cruzroja.org.ar\/corrientes\/wp-json\/wp\/v2\/media?parent=4361"}],"curies":[{"name":"wp","href":"https:\/\/api.w.org\/{rel}","templated":true}]}}