{"id":66,"date":"2017-09-06T23:29:14","date_gmt":"2017-09-06T23:29:14","guid":{"rendered":"http:\/\/cruzrojacorrientes.org\/?page_id=66"},"modified":"2023-07-05T23:21:32","modified_gmt":"2023-07-05T23:21:32","slug":"programas","status":"publish","type":"page","link":"https:\/\/www.cruzroja.org.ar\/corrientes\/programas\/","title":{"rendered":"Programas que ejecutamos"},"content":{"rendered":"<h2 id=\"salud\" class=\"section-title\">Programa Nacional de Salud<\/h2>\nDesarrollamos talleres y campa\u00f1as con un enfoque en la prevenci\u00f3n y promoci\u00f3n de la salud desde su concepci\u00f3n biopsicosocial seg\u00fan la OMS \u00abestado de completo bienestar f\u00edsico, mental y social, y no tan solo la ausencia de enfermedad o afecci\u00f3n\u00bb.\n\nHace m\u00e1s de 10 a\u00f1os que implementamos estas tem\u00e1ticas referidas a las enfermedades emergentes y reemergentes como dengue, fiebre amarilla, tuberculosis, mal de chagas, leptospirosis, ITS y VIH\/Sida. Trabajamos en articulaci\u00f3n con escuelas y con la comunidad en general.\n<h2 id=\"crecer\" class=\"section-title\" style=\"margin-top: 40px;\">Programa Crecer con Calidad<\/h2>\nSe ejecuta en los Barrios Esperanza, Quilmes y Quinta Ferre con m\u00e1s de 200 ni\u00f1os, ni\u00f1as y adolecentes que reciben apoyo escolar, talleres recreativos, paseos culturales, deportes y clases de computaci\u00f3n durante todo el a\u00f1o.\n<h2 id=\"vih\" class=\"section-title\" style=\"margin-top: 40px;\">Centro de Testeos en VIH\/Sida<\/h2>\nA trav\u00e9s de un trabajo en conjunto con el Departamento Provincial de VIH\/Sida, ETS (Enfermedades de Transmisi\u00f3n Sexual) y Hepatitis Virales, nuestro Instituto y voluntarios de la Filial, en el a\u00f1o 2013 se dio apertura al segundo Centro de Testeos R\u00e1pidos en VIH\/Sida de Cruz Roja Argentina.\n\nLas pruebas r\u00e1pidas, gratuitas, confidenciales y voluntarias se realizan en el laboratorio del Instituto Cruz Roja, Bol\u00edvar 1219, todos los mi\u00e9rcoles de 19:30 a 21:00 hs.\n\nEl trabajo en la prevenci\u00f3n, concientizaci\u00f3n y reducci\u00f3n de estigma de VIH\/Sida es una de las actividades establecidas en el Plan Estrat\u00e9gico de Cruz Roja Argentina y en la cual la Organizaci\u00f3n trabaja de manera activa a trav\u00e9s de talleres, charlas, material gr\u00e1fico, repartiendo preservativos y realizando testeos.","protected":false},"excerpt":{"rendered":"<p>Programa Nacional de Salud Desarrollamos talleres y campa\u00f1as con un enfoque en la prevenci\u00f3n y promoci\u00f3n de la salud desde su concepci\u00f3n biopsicosocial seg\u00fan la OMS \u00abestado de completo bienestar f\u00edsico, mental y social, y no tan solo la ausencia de enfermedad o afecci\u00f3n\u00bb. Hace m\u00e1s de 10 a\u00f1os que implementamos estas tem\u00e1ticas referidas a [&hellip;]<\/p>\n","protected":false},"author":1,"featured_media":0,"parent":0,"menu_order":0,"comment_status":"closed","ping_status":"closed","template":"","meta":[],"acf":[],"yoast_head":"<!-- This site is optimized with the Yoast SEO plugin v19.2 - https:\/\/yoast.com\/wordpress\/plugins\/seo\/ -->\n<title>Programas que ejecutamos - Cruz Roja Argentina Filial Corrientes<\/title>\n<meta name=\"robots\" content=\"index, follow, max-snippet:-1, max-image-preview:large, max-video-preview:-1\" \/>\n<link rel=\"canonical\" href=\"https:\/\/www.cruzroja.org.ar\/corrientes\/programas\/\" \/>\n<meta property=\"og:locale\" content=\"es_ES\" \/>\n<meta property=\"og:type\" content=\"article\" \/>\n<meta property=\"og:title\" content=\"Programas que ejecutamos - Cruz Roja Argentina Filial Corrientes\" \/>\n<meta property=\"og:description\" content=\"Programa Nacional de Salud Desarrollamos talleres y campa\u00f1as con un enfoque en la prevenci\u00f3n y promoci\u00f3n de la salud desde su concepci\u00f3n biopsicosocial seg\u00fan la OMS \u00abestado de completo bienestar f\u00edsico, mental y social, y no tan solo la ausencia de enfermedad o afecci\u00f3n\u00bb. Hace m\u00e1s de 10 a\u00f1os que implementamos estas tem\u00e1ticas referidas a [&hellip;]\" \/>\n<meta property=\"og:url\" content=\"https:\/\/www.cruzroja.org.ar\/corrientes\/programas\/\" \/>\n<meta property=\"og:site_name\" content=\"Cruz Roja Argentina Filial Corrientes\" \/>\n<meta property=\"article:modified_time\" content=\"2023-07-05T23:21:32+00:00\" \/>\n<meta name=\"author\" content=\"alberto\" \/>\n<meta name=\"twitter:card\" content=\"summary\" \/>\n<meta name=\"twitter:label1\" content=\"Tiempo de lectura\" \/>\n\t<meta name=\"twitter:data1\" content=\"2 minutos\" \/>\n<script type=\"application\/ld+json\" class=\"yoast-schema-graph\">{\"@context\":\"https:\/\/schema.org\",\"@graph\":[{\"@type\":\"WebSite\",\"@id\":\"https:\/\/www.cruzroja.org.ar\/corrientes\/#website\",\"url\":\"https:\/\/www.cruzroja.org.ar\/corrientes\/\",\"name\":\"Cruz Roja Argentina Filial Corrientes\",\"description\":\"Cruz Roja Argentina Filial Corrientes\",\"potentialAction\":[{\"@type\":\"SearchAction\",\"target\":{\"@type\":\"EntryPoint\",\"urlTemplate\":\"https:\/\/www.cruzroja.org.ar\/corrientes\/?s={search_term_string}\"},\"query-input\":\"required name=search_term_string\"}],\"inLanguage\":\"es\"},{\"@type\":\"WebPage\",\"@id\":\"https:\/\/www.cruzroja.org.ar\/corrientes\/programas\/#webpage\",\"url\":\"https:\/\/www.cruzroja.org.ar\/corrientes\/programas\/\",\"name\":\"Programas que ejecutamos - Cruz Roja Argentina Filial Corrientes\",\"isPartOf\":{\"@id\":\"https:\/\/www.cruzroja.org.ar\/corrientes\/#website\"},\"datePublished\":\"2017-09-06T23:29:14+00:00\",\"dateModified\":\"2023-07-05T23:21:32+00:00\",\"breadcrumb\":{\"@id\":\"https:\/\/www.cruzroja.org.ar\/corrientes\/programas\/#breadcrumb\"},\"inLanguage\":\"es\",\"potentialAction\":[{\"@type\":\"ReadAction\",\"target\":[\"https:\/\/www.cruzroja.org.ar\/corrientes\/programas\/\"]}]},{\"@type\":\"BreadcrumbList\",\"@id\":\"https:\/\/www.cruzroja.org.ar\/corrientes\/programas\/#breadcrumb\",\"itemListElement\":[{\"@type\":\"ListItem\",\"position\":1,\"name\":\"Portada\",\"item\":\"https:\/\/www.cruzroja.org.ar\/corrientes\/\"},{\"@type\":\"ListItem\",\"position\":2,\"name\":\"Programas que ejecutamos\"}]}]}<\/script>\n<!-- \/ Yoast SEO plugin. -->","yoast_head_json":{"title":"Programas que ejecutamos - Cruz Roja Argentina Filial Corrientes","robots":{"index":"index","follow":"follow","max-snippet":"max-snippet:-1","max-image-preview":"max-image-preview:large","max-video-preview":"max-video-preview:-1"},"canonical":"https:\/\/www.cruzroja.org.ar\/corrientes\/programas\/","og_locale":"es_ES","og_type":"article","og_title":"Programas que ejecutamos - Cruz Roja Argentina Filial Corrientes","og_description":"Programa Nacional de Salud Desarrollamos talleres y campa\u00f1as con un enfoque en la prevenci\u00f3n y promoci\u00f3n de la salud desde su concepci\u00f3n biopsicosocial seg\u00fan la OMS \u00abestado de completo bienestar f\u00edsico, mental y social, y no tan solo la ausencia de enfermedad o afecci\u00f3n\u00bb. Hace m\u00e1s de 10 a\u00f1os que implementamos estas tem\u00e1ticas referidas a [&hellip;]","og_url":"https:\/\/www.cruzroja.org.ar\/corrientes\/programas\/","og_site_name":"Cruz Roja Argentina Filial Corrientes","article_modified_time":"2023-07-05T23:21:32+00:00","author":"alberto","twitter_card":"summary","twitter_misc":{"Tiempo de lectura":"2 minutos"},"schema":{"@context":"https:\/\/schema.org","@graph":[{"@type":"WebSite","@id":"https:\/\/www.cruzroja.org.ar\/corrientes\/#website","url":"https:\/\/www.cruzroja.org.ar\/corrientes\/","name":"Cruz Roja Argentina Filial Corrientes","description":"Cruz Roja Argentina Filial Corrientes","potentialAction":[{"@type":"SearchAction","target":{"@type":"EntryPoint","urlTemplate":"https:\/\/www.cruzroja.org.ar\/corrientes\/?s={search_term_string}"},"query-input":"required name=search_term_string"}],"inLanguage":"es"},{"@type":"WebPage","@id":"https:\/\/www.cruzroja.org.ar\/corrientes\/programas\/#webpage","url":"https:\/\/www.cruzroja.org.ar\/corrientes\/programas\/","name":"Programas que ejecutamos - Cruz Roja Argentina Filial Corrientes","isPartOf":{"@id":"https:\/\/www.cruzroja.org.ar\/corrientes\/#website"},"datePublished":"2017-09-06T23:29:14+00:00","dateModified":"2023-07-05T23:21:32+00:00","breadcrumb":{"@id":"https:\/\/www.cruzroja.org.ar\/corrientes\/programas\/#breadcrumb"},"inLanguage":"es","potentialAction":[{"@type":"ReadAction","target":["https:\/\/www.cruzroja.org.ar\/corrientes\/programas\/"]}]},{"@type":"BreadcrumbList","@id":"https:\/\/www.cruzroja.org.ar\/corrientes\/programas\/#breadcrumb","itemListElement":[{"@type":"ListItem","position":1,"name":"Portada","item":"https:\/\/www.cruzroja.org.ar\/corrientes\/"},{"@type":"ListItem","position":2,"name":"Programas que ejecutamos"}]}]}},"_links":{"self":[{"href":"https:\/\/www.cruzroja.org.ar\/corrientes\/wp-json\/wp\/v2\/pages\/66"}],"collection":[{"href":"https:\/\/www.cruzroja.org.ar\/corrientes\/wp-json\/wp\/v2\/pages"}],"about":[{"href":"https:\/\/www.cruzroja.org.ar\/corrientes\/wp-json\/wp\/v2\/types\/page"}],"author":[{"embeddable":true,"href":"https:\/\/www.cruzroja.org.ar\/corrientes\/wp-json\/wp\/v2\/users\/1"}],"replies":[{"embeddable":true,"href":"https:\/\/www.cruzroja.org.ar\/corrientes\/wp-json\/wp\/v2\/comments?post=66"}],"version-history":[{"count":6,"href":"https:\/\/www.cruzroja.org.ar\/corrientes\/wp-json\/wp\/v2\/pages\/66\/revisions"}],"predecessor-version":[{"id":3228,"href":"https:\/\/www.cruzroja.org.ar\/corrientes\/wp-json\/wp\/v2\/pages\/66\/revisions\/3228"}],"wp:attachment":[{"href":"https:\/\/www.cruzroja.org.ar\/corrientes\/wp-json\/wp\/v2\/media?parent=66"}],"curies":[{"name":"wp","href":"https:\/\/api.w.org\/{rel}","templated":true}]}}